{"id":866,"date":"2025-02-19T13:51:44","date_gmt":"2025-02-19T13:51:44","guid":{"rendered":"https:\/\/bloompilates.hu\/?page_id=866"},"modified":"2025-02-19T13:55:15","modified_gmt":"2025-02-19T13:55:15","slug":"impresszum","status":"publish","type":"page","link":"https:\/\/bloompilates.hu\/en\/impresszum\/","title":{"rendered":"Legal notice"},"content":{"rendered":"<div data-elementor-type=\"wp-page\" data-elementor-id=\"866\" class=\"elementor elementor-866\" data-elementor-post-type=\"page\">\n\t\t\t\t<div class=\"elementor-element elementor-element-6b982643 e-flex e-con-boxed e-con e-parent\" data-id=\"6b982643\" data-element_type=\"container\" data-settings=\"{&quot;shape_divider_bottom&quot;:&quot;waves&quot;}\">\n\t\t\t\t\t<div class=\"e-con-inner\">\n\t\t\t\t<div class=\"elementor-shape elementor-shape-bottom\" data-negative=\"false\">\n\t\t\t<svg xmlns=\"http:\/\/www.w3.org\/2000\/svg\" viewbox=\"0 0 1000 100\" preserveaspectratio=\"none\">\n\t<path class=\"elementor-shape-fill\" d=\"M421.9,6.5c22.6-2.5,51.5,0.4,75.5,5.3c23.6,4.9,70.9,23.5,100.5,35.7c75.8,32.2,133.7,44.5,192.6,49.7\tc23.6,2.1,48.7,3.5,103.4-2.5c54.7-6,106.2-25.6,106.2-25.6V0H0v30.3c0,0,72,32.6,158.4,30.5c39.2-0.7,92.8-6.7,134-22.4\tc21.2-8.1,52.2-18.2,79.7-24.2C399.3,7.9,411.6,7.5,421.9,6.5z\"\/>\n<\/svg>\t\t<\/div>\n\t\t\t\t<div class=\"elementor-element elementor-element-286b4715 elementor-widget elementor-widget-text-editor\" data-id=\"286b4715\" data-element_type=\"widget\" data-widget_type=\"text-editor.default\">\n\t\t\t\t<div class=\"elementor-widget-container\">\n\t\t\t\t\t\t\t<p><strong>A bloompilates.hu weboldal \u00fczemeltet\u0151je:<\/strong><\/p><p>C\u00e9g neve: AlignMed Kft.<br \/>Sz\u00e9khely: 6723 Szeged, R\u00f3zsa utca 4. 1. em. 3. ajt\u00f3<br \/>Ad\u00f3sz\u00e1m: 32708460-2-06<br \/>K\u00e9pvisel\u0151: Dr. R\u00e9v\u00e9sz Barnab\u00e1s M\u00e1rk<br \/>E-mail c\u00edm: hello@bloompilates.hu<\/p><p><strong>T\u00e1rhelyet biztos\u00edt\u00f3 c\u00e9g:<\/strong><\/p><p>ELIN.hu Kft.<br \/>Sz\u00e9khely: 9024 Gy\u0151r, D\u00e9ry T. u. 11.<br \/>Telefon: +36 30 2222 444<\/p>\t\t\t\t\t\t<\/div>\n\t\t\t\t<\/div>\n\t\t\t\t\t<\/div>\n\t\t\t\t<\/div>\n\t\t\t\t<\/div>","protected":false},"excerpt":{"rendered":"<p>A bloompilates.hu weboldal \u00fczemeltet\u0151je: C\u00e9g neve: AlignMed Kft.Sz\u00e9khely: 6723 Szeged, R\u00f3zsa utca 4. 1. em. 3. ajt\u00f3Ad\u00f3sz\u00e1m: 32708460-2-06K\u00e9pvisel\u0151: Dr. R\u00e9v\u00e9sz Barnab\u00e1s M\u00e1rkE-mail c\u00edm: hello@bloompilates.hu T\u00e1rhelyet biztos\u00edt\u00f3 c\u00e9g: ELIN.hu Kft.Sz\u00e9khely: 9024 Gy\u0151r, D\u00e9ry T. u. 11.Telefon: +36 30 2222 444<\/p>","protected":false},"author":1,"featured_media":0,"parent":0,"menu_order":0,"comment_status":"closed","ping_status":"closed","template":"","meta":{"footnotes":""},"class_list":["post-866","page","type-page","status-publish","hentry"],"_links":{"self":[{"href":"https:\/\/bloompilates.hu\/en\/wp-json\/wp\/v2\/pages\/866","targetHints":{"allow":["GET"]}}],"collection":[{"href":"https:\/\/bloompilates.hu\/en\/wp-json\/wp\/v2\/pages"}],"about":[{"href":"https:\/\/bloompilates.hu\/en\/wp-json\/wp\/v2\/types\/page"}],"author":[{"embeddable":true,"href":"https:\/\/bloompilates.hu\/en\/wp-json\/wp\/v2\/users\/1"}],"replies":[{"embeddable":true,"href":"https:\/\/bloompilates.hu\/en\/wp-json\/wp\/v2\/comments?post=866"}],"version-history":[{"count":4,"href":"https:\/\/bloompilates.hu\/en\/wp-json\/wp\/v2\/pages\/866\/revisions"}],"predecessor-version":[{"id":871,"href":"https:\/\/bloompilates.hu\/en\/wp-json\/wp\/v2\/pages\/866\/revisions\/871"}],"wp:attachment":[{"href":"https:\/\/bloompilates.hu\/en\/wp-json\/wp\/v2\/media?parent=866"}],"curies":[{"name":"wp","href":"https:\/\/api.w.org\/{rel}","templated":true}]}}