{"id":840,"date":"2025-02-19T13:46:00","date_gmt":"2025-02-19T13:46:00","guid":{"rendered":"https:\/\/bloompilates.hu\/?page_id=840"},"modified":"2025-02-19T13:57:15","modified_gmt":"2025-02-19T13:57:15","slug":"altalanos-szerzodesi-feltetelek","status":"publish","type":"page","link":"https:\/\/bloompilates.hu\/en\/altalanos-szerzodesi-feltetelek\/","title":{"rendered":"\u00c1ltal\u00e1nos szerz\u0151d\u00e9si felt\u00e9telek"},"content":{"rendered":"<div data-elementor-type=\"wp-page\" data-elementor-id=\"840\" class=\"elementor elementor-840\" data-elementor-post-type=\"page\">\n\t\t\t\t<div class=\"elementor-element elementor-element-6b982643 e-flex e-con-boxed e-con e-parent\" data-id=\"6b982643\" data-element_type=\"container\" data-settings=\"{&quot;shape_divider_bottom&quot;:&quot;waves&quot;}\">\n\t\t\t\t\t<div class=\"e-con-inner\">\n\t\t\t\t<div class=\"elementor-shape elementor-shape-bottom\" data-negative=\"false\">\n\t\t\t<svg xmlns=\"http:\/\/www.w3.org\/2000\/svg\" viewbox=\"0 0 1000 100\" preserveaspectratio=\"none\">\n\t<path class=\"elementor-shape-fill\" d=\"M421.9,6.5c22.6-2.5,51.5,0.4,75.5,5.3c23.6,4.9,70.9,23.5,100.5,35.7c75.8,32.2,133.7,44.5,192.6,49.7\tc23.6,2.1,48.7,3.5,103.4-2.5c54.7-6,106.2-25.6,106.2-25.6V0H0v30.3c0,0,72,32.6,158.4,30.5c39.2-0.7,92.8-6.7,134-22.4\tc21.2-8.1,52.2-18.2,79.7-24.2C399.3,7.9,411.6,7.5,421.9,6.5z\"\/>\n<\/svg>\t\t<\/div>\n\t\t\t\t<div class=\"elementor-element elementor-element-286b4715 elementor-widget elementor-widget-text-editor\" data-id=\"286b4715\" data-element_type=\"widget\" data-widget_type=\"text-editor.default\">\n\t\t\t\t<div class=\"elementor-widget-container\">\n\t\t\t\t\t\t\t<p><span style=\"font-weight: 400;\">\u00dcdv\u00f6zl\u00fcnk honlapunkon! K\u00f6sz\u00f6nj\u00fck, hogy minket v\u00e1lasztott\u00e1l \u00e9s megtisztelsz a bizalmaddal! K\u00e9rj\u00fck v\u00e1s\u00e1rl\u00e1sod el\u0151tt figyelmesen olvasd el a foglal\u00e1ssal \u00e9s az \u00f3r\u00e1kon val\u00f3 r\u00e9szv\u00e9tellel l\u00e9trej\u00f6v\u0151 jogviszonyt szab\u00e1lyoz\u00f3 al\u00e1bbiakban r\u00e9szletezett szerz\u0151d\u00e9st (\u00c1ltal\u00e1nos Szerz\u0151d\u00e9si Felt\u00e9telek, a tov\u00e1bbiakban: \u00c1SZF)!<\/span><\/p><ol><li><b><\/b><span style=\"font-weight: 400;\"> \u00a0 \u00a0 <\/span><b>\u00c1ltal\u00e1nos rendelkez\u00e9sek<\/b><\/li><\/ol><p><span style=\"font-weight: 400;\">1.1.<\/span><span style=\"font-weight: 400;\">\u00a0 <\/span><span style=\"font-weight: 400;\">Jelen \u00c1ltal\u00e1nos Szerz\u0151d\u00e9si Felt\u00e9telek a Bloom Pilates Kft. (a tov\u00e1bbiakban: Szolg\u00e1ltat\u00f3) \u00e1ltal ny\u00fajtott szolg\u00e1ltat\u00e1sok ig\u00e9nybev\u00e9tel\u00e9re vonatoznak.\u00a0<\/span><\/p><p><span style=\"font-weight: 400;\">1.2.<\/span><span style=\"font-weight: 400;\">\u00a0 <\/span><span style=\"font-weight: 400;\">A Szolg\u00e1ltat\u00f3 \u00e1ltal ny\u00fajtott b\u00e1rmely szolg\u00e1ltat\u00e1s ig\u00e9nybev\u00e9tel\u00e9vel a v\u00e1s\u00e1rl\u00f3 (a tov\u00e1bbiakban: \u00dcgyf\u00e9l) elfogadja \u00e9s kijelenti, hogy megismerte jelen \u00c1SZF rendelkez\u00e9seit, illetve az Adatv\u00e9delmi T\u00e1j\u00e9koztat\u00f3ban foglaltakat.\u00a0<\/span><\/p><ol start=\"2\"><li><b><\/b><span style=\"font-weight: 400;\"> \u00a0 \u00a0 <\/span><b>Szolg\u00e1ltat\u00e1sok<\/b><\/li><\/ol><p><span style=\"font-weight: 400;\">2.1.<\/span><span style=\"font-weight: 400;\">\u00a0 <\/span><span style=\"font-weight: 400;\">A Szolg\u00e1ltat\u00f3 reformer pilates, illetve a Szolg\u00e1ltat\u00e1sok men\u00fcpontban olvashat\u00f3 \u00f3r\u00e1kat, edz\u00e9seket biztos\u00edt az \u00dcgyfelek sz\u00e1m\u00e1ra.<\/span><\/p><p><span style=\"font-weight: 400;\">2.2.<\/span><span style=\"font-weight: 400;\">\u00a0 <\/span><span style=\"font-weight: 400;\">A Szolg\u00e1ltat\u00f3 az \u00f3r\u00e1kon val\u00f3 r\u00e9szv\u00e9telhez ezen k\u00edv\u00fcl k\u00fcl\u00f6nb\u00f6z\u0151 b\u00e9rleti konstrukci\u00f3kat biztos\u00edt az \u00dcgyf\u00e9l sz\u00e1m\u00e1ra.<\/span><\/p><p><span style=\"font-weight: 400;\">2.3.<\/span><span style=\"font-weight: 400;\">\u00a0 <\/span><span style=\"font-weight: 400;\">A jelen \u00c1SZF alapj\u00e1n az \u00dcgyf\u00e9l v\u00e1llalja, hogy r\u00e9szt vesz a Bloom Pilates St\u00fadi\u00f3 \u00e1ltal tartott 50 perces pilates \u00f3r\u00e1kon.<\/span><\/p><p><span style=\"font-weight: 400;\">2.4.<\/span><span style=\"font-weight: 400;\">\u00a0 <\/span><span style=\"font-weight: 400;\">A st\u00fadi\u00f3 nyitvatart\u00e1si ideje, az \u00f3rarend \u00e9s a szolg\u00e1ltat\u00e1sok r\u00e9szletei megtal\u00e1lhat\u00f3k a St\u00fadi\u00f3 honlapj\u00e1n (<\/span><a href=\"https:\/\/bloompilates.hu\/en\/\"><span style=\"font-weight: 400;\">www.bloompilates.hu<\/span><\/a><span style=\"font-weight: 400;\">) \u00e9s a helysz\u00ednen kihelyezett inform\u00e1ci\u00f3s t\u00e1bl\u00e1kon.<\/span><\/p><p><span style=\"font-weight: 400;\">2.5.<\/span><span style=\"font-weight: 400;\">\u00a0 <\/span><span style=\"font-weight: 400;\">A Szolg\u00e1ltat\u00f3 fenntartja a jogot az \u00f3rarend \u00e9s az \u00f3rat\u00edpusok m\u00f3dos\u00edt\u00e1s\u00e1ra. Az \u00f3rarend v\u00e1ltoz\u00e1sair\u00f3l \u00e9s az esetleges m\u00f3dos\u00edt\u00e1sokr\u00f3l sz\u00f3l\u00f3 t\u00e1j\u00e9koztat\u00e1s e-mailben \u00e9s a helysz\u00ednen t\u00f6rt\u00e9n\u0151 inform\u00e1ci\u00f3s t\u00e1bl\u00e1n val\u00f3 k\u00f6zz\u00e9t\u00e9tellel t\u00f6rt\u00e9nik.<\/span><\/p><ol start=\"3\"><li><b><\/b><span style=\"font-weight: 400;\"> \u00a0 \u00a0 <\/span><b>R\u00e9szv\u00e9tel \u00e9s foglal\u00e1s\u00a0<\/b><\/li><\/ol><p><span style=\"font-weight: 400;\">3.1.<\/span><span style=\"font-weight: 400;\">\u00a0 <\/span><span style=\"font-weight: 400;\">Az \u00f3r\u00e1kon val\u00f3 r\u00e9szv\u00e9telhez el\u0151zetes regisztr\u00e1ci\u00f3 \u00e9s foglal\u00e1s sz\u00fcks\u00e9ges a <\/span><a href=\"https:\/\/bloompilates.hu\/en\/\"><span style=\"font-weight: 400;\">www.bloompilates.hu<\/span><\/a><span style=\"font-weight: 400;\"> weboldalon.<\/span><\/p><p><span style=\"font-weight: 400;\">3.2.<\/span><span style=\"font-weight: 400;\">\u00a0 <\/span><span style=\"font-weight: 400;\">A regisztr\u00e1ci\u00f3 sor\u00e1n meg kell adni a sz\u00fcks\u00e9ges szem\u00e9lyes adatokat, bele\u00e9rtve a nevet, c\u00edmet, telefonsz\u00e1mot \u00e9s e-mail c\u00edmet.<\/span><\/p><p><span style=\"font-weight: 400;\">3.3.<\/span><span style=\"font-weight: 400;\">\u00a0 <\/span><span style=\"font-weight: 400;\">Az \u00dcgyf\u00e9l az adatbeviteli hib\u00e1kat a regisztr\u00e1ci\u00f3 sor\u00e1n, a t\u00e9nyleges megrendel\u00e9s el\u0151tt is ellen\u0151rizheti \u00e9s m\u00f3dos\u00edthatja.<\/span><\/p><p><span style=\"font-weight: 400;\">3.4.<\/span><span style=\"font-weight: 400;\">\u00a0 <\/span><span style=\"font-weight: 400;\">A foglal\u00e1s a Motibro rendszeren kereszt\u00fcl t\u00f6rt\u00e9nik.\u00a0<\/span><\/p><p><span style=\"font-weight: 400;\">3.5.<\/span><span style=\"font-weight: 400;\">\u00a0 <\/span><span style=\"font-weight: 400;\">A foglal\u00e1s csak akkor \u00e9rv\u00e9nyes, ha a St\u00fadi\u00f3 visszaigazolta azt.\u00a0<\/span><\/p><p><span style=\"font-weight: 400;\">3.6. A Pilates st\u00fadi\u00f3 ter\u00fclet\u00e9n vide\u00f3 r\u00f6gz\u00edt\u00e9s\u00e9re alkalmas biztons\u00e1gi kamerarendszer \u00fczemel, amely a l\u00e9tes\u00edtm\u00e9ny \u00e9s az ott tart\u00f3zkod\u00f3k biztons\u00e1g\u00e1t szolg\u00e1lja. A rendszer kiz\u00e1r\u00f3lag a jogszab\u00e1lyoknak megfelel\u0151en, a szem\u00e9lyes adatok v\u00e9delm\u00e9re vonatkoz\u00f3 el\u0151\u00edr\u00e1sok betart\u00e1s\u00e1val m\u0171k\u00f6dik. A st\u00fadi\u00f3 ter\u00fclet\u00e9re val\u00f3 bel\u00e9p\u00e9ssel \u00e9s az ott val\u00f3 tart\u00f3zkod\u00e1ssal a felhaszn\u00e1l\u00f3 tudom\u00e1sul veszi \u00e9s elfogadja a biztons\u00e1gi kamer\u00e1s megfigyel\u00e9st. A kamerarendszer \u00e1ltal r\u00f6gz\u00edtett felv\u00e9teleket kiz\u00e1r\u00f3lag az \u00fczemeltet\u0151 jogosult kezelni, \u00e9s azokat kiz\u00e1r\u00f3lag jogszab\u00e1lyban meghat\u00e1rozott esetekben \u00e9s id\u0151tartamig t\u00e1rolja. A kamera rendszer m\u0171k\u00f6d\u00e9s\u00e9vel, az adatkezel\u00e9ssel \u00e9s a t\u00e1rol\u00e1si id\u0151vel kapcsolatos tov\u00e1bbi inform\u00e1ci\u00f3k a Pilates st\u00fadi\u00f3 adatkezel\u00e9si t\u00e1j\u00e9koztat\u00f3j\u00e1ban tal\u00e1lhat\u00f3k.<\/span><\/p><ol start=\"4\"><li><b><\/b><span style=\"font-weight: 400;\"> \u00a0 \u00a0 <\/span><b>\u00c1rak\u00a0<\/b><\/li><\/ol><p><span style=\"font-weight: 400;\">4.1.<\/span><span style=\"font-weight: 400;\">\u00a0 <\/span><span style=\"font-weight: 400;\">A szolg\u00e1ltat\u00e1sok aktu\u00e1lis \u00e1rai a honlapon az \u00c1rak \u00e9s b\u00e9rletek men\u00fcpontja alatt tal\u00e1lhat\u00f3k.\u00a0<\/span><\/p><p><span style=\"font-weight: 400;\">4.2.<\/span><span style=\"font-weight: 400;\">\u00a0 <\/span><span style=\"font-weight: 400;\">A Szolg\u00e1ltat\u00f3 jogosult a szolg\u00e1ltat\u00e1sok d\u00edj\u00e1t b\u00e1rmikor egyoldal\u00faan m\u00f3dos\u00edtani. A szolg\u00e1ltat\u00e1si d\u00edj m\u00f3dos\u00edt\u00e1sa a honlap \u00c1rak \u00e9s b\u00e9rletek men\u00fcpontja alatt ker\u00fcl k\u00f6zz\u00e9t\u00e9telre. A m\u00f3dos\u00edt\u00e1s a honlapon val\u00f3 k\u00f6zz\u00e9t\u00e9tel id\u0151pontj\u00e1t\u00f3l \u00e9rv\u00e9nyes. Az \u00e1rak m\u00f3dos\u00edt\u00e1sa nem terjed ki a m\u00e1r megk\u00f6t\u00f6tt szerz\u0151d\u00e9sekre<\/span><\/p><p><span style=\"font-weight: 400;\">4.3.<\/span><span style=\"font-weight: 400;\">\u00a0 <\/span><span style=\"font-weight: 400;\">A t\u00e9ved\u00e9sb\u0151l, nyilv\u00e1nval\u00f3an hib\u00e1san felt\u00fcntetett d\u00edjak\u00e9rt felel\u0151ss\u00e9get a Szolg\u00e1ltat\u00f3 nem v\u00e1llal. Nyilv\u00e1nval\u00f3an hib\u00e1san felt\u00fcntetett \u00e1rnak min\u0151s\u00fcl a 0 Ft-os \u00e1r, vagy kedvezm\u00e9nnyel cs\u00f6kkentett, de a kedvezm\u00e9nyt t\u00e9vesen felt\u00fcntet\u0151 \u00e1r.\u00a0<\/span><\/p><p><span style=\"font-weight: 400;\">4.4.<\/span><span style=\"font-weight: 400;\">\u00a0 <\/span><span style=\"font-weight: 400;\">Hib\u00e1s \u00e1r felt\u00fcntet\u00e9se eset\u00e9n Szolg\u00e1ltat\u00f3 felaj\u00e1nlja a szolg\u00e1ltat\u00e1s val\u00f3s d\u00edjon val\u00f3 ig\u00e9nybev\u00e9tel\u00e9nek lehet\u0151s\u00e9g\u00e9t, mely inform\u00e1ci\u00f3 birtok\u00e1ban az \u00dcgyf\u00e9l eld\u00f6ntheti, hogy ig\u00e9nybe veszi val\u00f3s d\u00edjon a szolg\u00e1ltat\u00e1st vagy minden h\u00e1tr\u00e1nyos jogk\u00f6vetkezm\u00e9ny n\u00e9lk\u00fcl lemondja a megrendel\u00e9st.\u00a0<\/span><\/p><p><span style=\"font-weight: 400;\">4.5.<\/span><span style=\"font-weight: 400;\">\u00a0 <\/span><span style=\"font-weight: 400;\">Az \u00dcgyf\u00e9lnek nem j\u00e1r p\u00e9nzvisszat\u00e9r\u00edt\u00e9s a Szolg\u00e1ltat\u00e1s olyan el\u00e9rhetetlens\u00e9g\u00e9r\u0151l, amelyek nem a Szolg\u00e1ltat\u00f3nak felr\u00f3hat\u00f3 technikai probl\u00e9m\u00e1kra vezethet\u0151k vissza.<\/span><\/p><p><span style=\"font-weight: 400;\">4.6.<\/span><span style=\"font-weight: 400;\">\u00a0 <\/span><span style=\"font-weight: 400;\">Az \u00dcgyf\u00e9l elfogadja, hogy v\u00e1s\u00e1rl\u00e1sair\u00f3l minden sz\u00e1ml\u00e1j\u00e1t kiz\u00e1r\u00f3lag elektronikus \u00faton kapja meg a Szolg\u00e1ltat\u00f3t\u00f3l az \u00e1ltala megadott e-mail c\u00edmre. E-mail c\u00edm v\u00e1ltoz\u00e1sa eset\u00e9n az \u00dcgyf\u00e9l k\u00f6teles a Szolg\u00e1ltat\u00f3t k\u00e9sedelem n\u00e9lk\u00fcl, elektronikusan \u00edr\u00e1sban \u00e9rtes\u00edteni.<\/span><\/p><p><span style=\"font-weight: 400;\">4.7.<\/span><span style=\"font-weight: 400;\">\u00a0 <\/span><span style=\"font-weight: 400;\">Az \u00e1rak forintban \u00e9rtend\u0151k \u00e9s tartalmazz\u00e1k a 27%-os \u00e1ltal\u00e1nos forgalmi ad\u00f3t.<\/span><\/p><ol start=\"5\"><li><b><\/b><span style=\"font-weight: 400;\"> \u00a0 \u00a0 <\/span><b>Fizet\u00e9si rendszer\u00a0<\/b><\/li><\/ol><p><span style=\"font-weight: 400;\">5.1.<\/span><span style=\"font-weight: 400;\">\u00a0 <\/span><span style=\"font-weight: 400;\">A fizet\u00e9s k\u00e9szp\u00e9nzben, bankk\u00e1rty\u00e1val vagy online fizet\u00e9si rendszeren kereszt\u00fcl t\u00f6rt\u00e9nhet.\u00a0<\/span><\/p><p><span style=\"font-weight: 400;\">5.2.<\/span><span style=\"font-weight: 400;\">\u00a0 <\/span><span style=\"font-weight: 400;\">A b\u00e9rletek \u00e9s \u00f3r\u00e1k d\u00edj\u00e1t el\u0151re kell kifizetni.<\/span><\/p><p><span style=\"font-weight: 400;\">5.3.<\/span><span style=\"font-weight: 400;\">\u00a0 <\/span><span style=\"font-weight: 400;\">Az online bankk\u00e1rty\u00e1s fizet\u00e9sek a Barion rendszer\u00e9n kereszt\u00fcl val\u00f3sulnak meg. A bankk\u00e1rtya adatok a keresked\u0151h\u00f6z nem jutnak el. A szolg\u00e1ltat\u00e1st ny\u00fajt\u00f3 Barion Payment Zrt. a Magyar Nemzeti Bank fel\u00fcgyelete alatt \u00e1ll\u00f3 int\u00e9zm\u00e9ny, enged\u00e9ly\u00e9nek sz\u00e1ma: H-EN-I-1064\/2013.<\/span><\/p><ol start=\"6\"><li><b><\/b><span style=\"font-weight: 400;\"> \u00a0 \u00a0 <\/span><b>Lemond\u00e1s<\/b><\/li><\/ol><p><span style=\"font-weight: 400;\">6.1.<\/span><span style=\"font-weight: 400;\">\u00a0 <\/span><span style=\"font-weight: 400;\">Az \u00f3r\u00e1n val\u00f3 r\u00e9szv\u00e9tel lemond\u00e1sa legk\u00e9s\u0151bb az \u00f3ra kezdete el\u0151tt 24 \u00f3r\u00e1val lehets\u00e9ges.\u00a0<\/span><\/p><p><span style=\"font-weight: 400;\">6.2.<\/span><span style=\"font-weight: 400;\">\u00a0 <\/span><span style=\"font-weight: 400;\">A 24 \u00f3r\u00e1n t\u00fali lemond\u00e1s vagy az \u00f3r\u00e1n val\u00f3 meg nem jelen\u00e9s eset\u00e9n a Szolg\u00e1ltat\u00f3nak nem \u00e1ll m\u00f3dj\u00e1ban a d\u00edj visszat\u00e9r\u00edt\u00e9se.<\/span><\/p><p><span style=\"font-weight: 400;\">6.3.<\/span><span style=\"font-weight: 400;\">\u00a0 <\/span><span style=\"font-weight: 400;\">A b\u00e9rletek \u00e9s el\u0151re kifizetett \u00f3r\u00e1k p\u00e9nzvisszat\u00e9r\u00edt\u00e9s\u00e9re nincs lehet\u0151s\u00e9g, kiv\u00e9ve orvosi igazol\u00e1s bemutat\u00e1sa eset\u00e9n.<\/span><\/p><ol start=\"7\"><li><b><\/b><span style=\"font-weight: 400;\"> \u00a0 \u00a0 <\/span><b>H\u00e1zirend<\/b><\/li><\/ol><p><span style=\"font-weight: 400;\">7.1.<\/span><span style=\"font-weight: 400;\">\u00a0 <\/span><span style=\"font-weight: 400;\">Az \u00f3r\u00e1kon val\u00f3 r\u00e9szv\u00e9tel sor\u00e1n az \u00dcgyf\u00e9l k\u00f6teless\u00e9ge betartani a Bloom Pilates St\u00fadi\u00f3 h\u00e1zirendj\u00e9t \u00e9s az instruktor utas\u00edt\u00e1sait.<\/span><\/p><p><span style=\"font-weight: 400;\">7.2.<\/span><span style=\"font-weight: 400;\">\u00a0 <\/span><span style=\"font-weight: 400;\">A h\u00e1zirend megtal\u00e1lhat\u00f3 a helysz\u00ednen kihelyezett inform\u00e1ci\u00f3s t\u00e1bl\u00e1n.\u00a0<\/span><\/p><p><span style=\"font-weight: 400;\">7.3.<\/span><span style=\"font-weight: 400;\">\u00a0 <\/span><span style=\"font-weight: 400;\">A Szolg\u00e1ltat\u00f3 fenntartja a jogot, hogy kiz\u00e1rja azokat az \u00dcgyfeleket, akik nem tartj\u00e1k be a megfelel\u0151 magatart\u00e1si szab\u00e1lyokat.<\/span><\/p><ol start=\"8\"><li><b><\/b><span style=\"font-weight: 400;\"> \u00a0 \u00a0 <\/span><b>Felel\u0151ss\u00e9g \u00e9s biztons\u00e1g<\/b><\/li><\/ol><p><span style=\"font-weight: 400;\">8.1.<\/span><span style=\"font-weight: 400;\">\u00a0 <\/span><span style=\"font-weight: 400;\">A jelen \u00c1SZF alapj\u00e1n az \u00dcgyf\u00e9l kijelenti, hogy fizikai \u00e9s eg\u00e9szs\u00e9g\u00fcgyi \u00e1llapota alapj\u00e1n alkalmas a pilates \u00f3r\u00e1kon val\u00f3 r\u00e9szv\u00e9telre.<\/span><\/p><p><span style=\"font-weight: 400;\">8.2.<\/span><span style=\"font-weight: 400;\">\u00a0 <\/span><span style=\"font-weight: 400;\">A Bloom Pilates St\u00fadi\u00f3 \u00e9s az \u00f3r\u00e1t tart\u00f3 oktat\u00f3 nem v\u00e1llal felel\u0151ss\u00e9get a nem megfelel\u0151 eg\u00e9szs\u00e9g\u00fcgyi \u00e1llapotb\u00f3l ered\u0151 s\u00e9r\u00fcl\u00e9sek\u00e9rt vagy eg\u00e9szs\u00e9gk\u00e1rosod\u00e1s\u00e9rt.<\/span><\/p><p><span style=\"font-weight: 400;\">8.3.<\/span><span style=\"font-weight: 400;\">\u00a0 <\/span><span style=\"font-weight: 400;\">Az \u00f3r\u00e1kon val\u00f3 r\u00e9szv\u00e9tel, a pilates g\u00e9pek \u00e9s eszk\u00f6z\u00f6k haszn\u00e1lata saj\u00e1t felel\u0151ss\u00e9gre t\u00f6rt\u00e9nik.\u00a0<\/span><\/p><p><span style=\"font-weight: 400;\">8.4.<\/span><span style=\"font-weight: 400;\">\u00a0 <\/span><span style=\"font-weight: 400;\">Az \u00dcgyf\u00e9l k\u00f6teles a g\u00e9peket \u00e9s eszk\u00f6z\u00f6ket rendeltet\u00e9sszer\u0171en haszn\u00e1lni.<\/span><\/p><ol start=\"9\"><li><b><\/b><span style=\"font-weight: 400;\"> \u00a0 \u00a0 <\/span><b>Fogyaszt\u00f3v\u00e9delmi rendelkez\u00e9sek<\/b><\/li><\/ol><p><span style=\"font-weight: 400;\">9.1.<\/span><span style=\"font-weight: 400;\">\u00a0 <\/span><span style=\"font-weight: 400;\">Az \u00dcgyf\u00e9l a Szolg\u00e1ltat\u00f3 tev\u00e9kenys\u00e9g\u00e9vel kapcsolatos fogyaszt\u00f3i kifog\u00e1sait az al\u00e1bbi el\u00e9rhet\u0151s\u00e9geken terjesztheti el\u0151:<\/span><\/p><p><span style=\"font-weight: 400;\">&#8211;<\/span><span style=\"font-weight: 400;\">\u00a0 \u00a0 \u00a0 <\/span><span style=\"font-weight: 400;\">elektronikus \u00faton emailben: hello@bloompilates.hu<\/span><\/p><p><span style=\"font-weight: 400;\">&#8211;<\/span><span style=\"font-weight: 400;\">\u00a0 \u00a0 \u00a0 <\/span><span style=\"font-weight: 400;\">postai \u00faton: 6726 Szeged, F\u0151 fasor 80\/A<\/span><\/p><p><span style=\"font-weight: 400;\">9.2.<\/span><span style=\"font-weight: 400;\">\u00a0 <\/span><span style=\"font-weight: 400;\">Amennyiben a Szolg\u00e1ltat\u00f3 \u00e9s az \u00dcgyf\u00e9l k\u00f6z\u00f6tt esetlegesen felmer\u00fcl\u0151 fogyaszt\u00f3i jogvita a Szolg\u00e1ltat\u00f3val folytatott t\u00e1rgyal\u00e1sok sor\u00e1n nem rendez\u0151dik, az al\u00e1bbi jog\u00e9rv\u00e9nyes\u00edt\u00e9si lehet\u0151s\u00e9gek \u00e1llnak nyitva az \u00dcgyfelek sz\u00e1m\u00e1ra:<\/span><\/p><p><span style=\"font-weight: 400;\">&#8211;<\/span><span style=\"font-weight: 400;\">\u00a0 \u00a0 \u00a0 <\/span><span style=\"font-weight: 400;\">Amennyiben az \u00dcgyf\u00e9l fogyaszt\u00f3i jogainak megs\u00e9rt\u00e9s\u00e9t \u00e9szleli, jogosult panasszal fordulni a lak\u00f3helye szerint illet\u00e9kes fogyaszt\u00f3v\u00e9delmi hat\u00f3s\u00e1ghoz. A panasz elb\u00edr\u00e1l\u00e1s\u00e1t k\u00f6vet\u0151en a hat\u00f3s\u00e1g d\u00f6nt a fogyaszt\u00f3v\u00e9delmi elj\u00e1r\u00e1s lefolytat\u00e1s\u00e1r\u00f3l.<\/span><\/p><p><span style=\"font-weight: 400;\">&#8211;<\/span><span style=\"font-weight: 400;\">\u00a0 \u00a0 \u00a0 <\/span><span style=\"font-weight: 400;\">Az \u00dcgyf\u00e9lnek lehet\u0151s\u00e9ge van B\u00e9k\u00e9ltet\u0151 Test\u00fclet ig\u00e9nybev\u00e9tel\u00e9re. A szolg\u00e1ltat\u00e1sok min\u0151s\u00e9g\u00e9vel, valamint a szerz\u0151d\u00e9s megk\u00f6t\u00e9s\u00e9vel \u00e9s teljes\u00edt\u00e9s\u00e9vel kapcsolatos fogyaszt\u00f3i jogvita b\u00edr\u00f3s\u00e1gon k\u00edv\u00fcli, b\u00e9k\u00e9s rendez\u00e9se c\u00e9lj\u00e1b\u00f3l az \u00dcgyf\u00e9l elj\u00e1r\u00e1st kezdem\u00e9nyezhet a lak\u00f3helye szerint illet\u00e9kes szakmai kamara mellett m\u0171k\u00f6d\u0151 b\u00e9k\u00e9ltet\u0151 test\u00fcletn\u00e9l.<\/span><\/p><p><span style=\"font-weight: 400;\">&#8211;<\/span><span style=\"font-weight: 400;\">\u00a0 \u00a0 \u00a0 <\/span><span style=\"font-weight: 400;\">Az \u00dcgyf\u00e9l jogosult a fogyaszt\u00f3i jogvit\u00e1b\u00f3l sz\u00e1rmaz\u00f3 k\u00f6vetel\u00e9s\u00e9nek b\u00edr\u00f3s\u00e1g el\u0151tti \u00e9rv\u00e9nyes\u00edt\u00e9s\u00e9re polg\u00e1ri elj\u00e1r\u00e1s keret\u00e9ben a Polg\u00e1ri T\u00f6rv\u00e9nyk\u00f6nyvr\u0151l sz\u00f3l\u00f3 2013. \u00e9vi V. t\u00f6rv\u00e9ny, valamint a Polg\u00e1ri Perrendtart\u00e1sr\u00f3l sz\u00f3l\u00f3 2016. \u00e9vi CXXX. t\u00f6rv\u00e9ny rendelkez\u00e9sei szerint.<\/span><\/p><p><span style=\"font-weight: 400;\">9.3.<\/span><span style=\"font-weight: 400;\">\u00a0 <\/span><span style=\"font-weight: 400;\">A Szolg\u00e1ltat\u00f3 felh\u00edvja az \u00dcgyf\u00e9l figyelm\u00e9t arra, hogy amennyiben a szolg\u00e1ltat\u00e1s ig\u00e9nybev\u00e9tel\u00e9t megkezdte, el\u00e1ll\u00e1sra nem jogosult.<\/span><\/p><ol start=\"10\"><li><b><\/b> <b>Adatkezel\u00e9s\u00a0<\/b><\/li><\/ol><p><span style=\"font-weight: 400;\">10.1.<\/span><span style=\"font-weight: 400;\">\u00a0 <\/span><span style=\"font-weight: 400;\">A Szolg\u00e1ltat\u00f3 az \u00dcgyfelek szem\u00e9lyes adatait a vonatkoz\u00f3 adatv\u00e9delmi jogszab\u00e1lyoknak megfelel\u0151en kezeli.<\/span><\/p><p><span style=\"font-weight: 400;\">10.2.<\/span><span style=\"font-weight: 400;\">\u00a0 <\/span><span style=\"font-weight: 400;\">Az adatkezel\u00e9s r\u00e9szleteir\u0151l az Adatv\u00e9delmi T\u00e1j\u00e9koztat\u00f3ban tal\u00e1lhat\u00f3 inform\u00e1ci\u00f3.\u00a0<\/span><\/p><ol start=\"11\"><li><b><\/b> <b>Egy\u00e9b rendelkez\u00e9sek\u00a0<\/b><\/li><\/ol><p><span style=\"font-weight: 400;\">11.1.<\/span><span style=\"font-weight: 400;\">\u00a0 <\/span><span style=\"font-weight: 400;\">A Szolg\u00e1ltat\u00f3 fenntartja a jogot az \u00c1SZF m\u00f3dos\u00edt\u00e1s\u00e1ra, amelyet a st\u00fadi\u00f3 hivatalos weboldal\u00e1n vagy a helysz\u00ednen k\u00f6zz\u00e9tesz. Az \u00c1SZF v\u00e1ltoz\u00e1sair\u00f3l a regisztr\u00e1lt r\u00e9szvev\u0151k e-mail \u00fatj\u00e1n is \u00e9rtes\u00fclnek, azonban az \u00e9rtes\u00edt\u00e9s elmarad\u00e1sa, amennyiben a <\/span><a href=\"https:\/\/bloompilates.hu\/en\/\"><span style=\"font-weight: 400;\">www.bloompilates.hu<\/span><\/a><span style=\"font-weight: 400;\"> honlapon a v\u00e1ltoz\u00e1s k\u00f6zz\u00e9t\u00e9tele megt\u00f6rt\u00e9nt, nem eredm\u00e9nyezi az \u00c1SZF hat\u00e1lytalans\u00e1g\u00e1t.\u00a0<\/span><\/p><p><span style=\"font-weight: 400;\">11.2.<\/span><span style=\"font-weight: 400;\">\u00a0 <\/span><span style=\"font-weight: 400;\">Jelen \u00c1SZF elfogad\u00e1s\u00e1val az \u00dcgyf\u00e9l hozz\u00e1j\u00e1rul ahhoz, hogy a Szolg\u00e1ltat\u00f3 a regisztr\u00e1ci\u00f3kor megadott szem\u00e9lyes adatait az Adatv\u00e9delmi T\u00e1j\u00e9koztat\u00f3ban foglaltaknak megfelel\u0151en kezelje.<\/span><\/p><p><span style=\"font-weight: 400;\">11.3.<\/span><span style=\"font-weight: 400;\">\u00a0 <\/span><span style=\"font-weight: 400;\">A szerz\u0151i jogr\u00f3l sz\u00f3l\u00f3 1999. \u00e9vi LXXVI. t\u00f6rv\u00e9ny (tov\u00e1bbiakban: Szjt.) 1. \u00a7 (1) bekezd\u00e9se \u00e9rtelm\u00e9ben a weboldal szerz\u0151i m\u0171nek min\u0151s\u00fcl, \u00edgy annak minden r\u00e9sze szerz\u0151i jogi v\u00e9delem alatt \u00e1ll.<\/span><\/p><p><span style=\"font-weight: 400;\">11.4.<\/span><span style=\"font-weight: 400;\">\u00a0 <\/span><span style=\"font-weight: 400;\">A jelen \u00c1SZF-ben nem szab\u00e1lyozott k\u00e9rd\u00e9sekben a Polg\u00e1ri T\u00f6rv\u00e9nyk\u00f6nyvr\u0151l sz\u00f3l\u00f3 2013. \u00e9vi V. t\u00f6rv\u00e9ny, az elektronikus kereskedelmi szolg\u00e1ltat\u00e1sok, valamint az inform\u00e1ci\u00f3s t\u00e1rsadalommal \u00f6sszef\u00fcgg\u0151 szolg\u00e1ltat\u00e1sok egyes k\u00e9rd\u00e9seir\u0151l sz\u00f3l\u00f3 2001. \u00e9vi CVIII. t\u00f6rv\u00e9ny, valamint a fogyaszt\u00f3 \u00e9s a v\u00e1llalkoz\u00e1s k\u00f6z\u00f6tti szerz\u0151d\u00e9sek r\u00e9szletes szab\u00e1lyair\u00f3l sz\u00f3l\u00f3 45\/2014. (II.26.) Korm. r. rendelkez\u00e9sei az ir\u00e1nyad\u00f3ak.<\/span><\/p><p><span style=\"font-weight: 400;\">\u00a0<\/span><\/p><p><span style=\"font-weight: 400;\">A jelen \u00c1SZF hat\u00e1lyos 2025. febru\u00e1r 15. napj\u00e1t\u00f3l.\u00a0<\/span><\/p>\t\t\t\t\t\t<\/div>\n\t\t\t\t<\/div>\n\t\t\t\t\t<\/div>\n\t\t\t\t<\/div>\n\t\t\t\t<\/div>","protected":false},"excerpt":{"rendered":"<p>\u00dcdv\u00f6zl\u00fcnk honlapunkon! K\u00f6sz\u00f6nj\u00fck, hogy minket v\u00e1lasztott\u00e1l \u00e9s megtisztelsz a bizalmaddal! K\u00e9rj\u00fck v\u00e1s\u00e1rl\u00e1sod el\u0151tt figyelmesen olvasd el a foglal\u00e1ssal \u00e9s az \u00f3r\u00e1kon val\u00f3 r\u00e9szv\u00e9tellel l\u00e9trej\u00f6v\u0151 jogviszonyt szab\u00e1lyoz\u00f3 al\u00e1bbiakban r\u00e9szletezett szerz\u0151d\u00e9st (\u00c1ltal\u00e1nos Szerz\u0151d\u00e9si Felt\u00e9telek, a tov\u00e1bbiakban: \u00c1SZF)! \u00a0 \u00a0 \u00c1ltal\u00e1nos rendelkez\u00e9sek 1.1.\u00a0 Jelen \u00c1ltal\u00e1nos Szerz\u0151d\u00e9si Felt\u00e9telek a Bloom Pilates Kft. (a tov\u00e1bbiakban: Szolg\u00e1ltat\u00f3) \u00e1ltal ny\u00fajtott szolg\u00e1ltat\u00e1sok ig\u00e9nybev\u00e9tel\u00e9re [&hellip;]<\/p>","protected":false},"author":1,"featured_media":0,"parent":0,"menu_order":0,"comment_status":"closed","ping_status":"closed","template":"","meta":{"footnotes":""},"class_list":["post-840","page","type-page","status-publish","hentry"],"_links":{"self":[{"href":"https:\/\/bloompilates.hu\/en\/wp-json\/wp\/v2\/pages\/840","targetHints":{"allow":["GET"]}}],"collection":[{"href":"https:\/\/bloompilates.hu\/en\/wp-json\/wp\/v2\/pages"}],"about":[{"href":"https:\/\/bloompilates.hu\/en\/wp-json\/wp\/v2\/types\/page"}],"author":[{"embeddable":true,"href":"https:\/\/bloompilates.hu\/en\/wp-json\/wp\/v2\/users\/1"}],"replies":[{"embeddable":true,"href":"https:\/\/bloompilates.hu\/en\/wp-json\/wp\/v2\/comments?post=840"}],"version-history":[{"count":16,"href":"https:\/\/bloompilates.hu\/en\/wp-json\/wp\/v2\/pages\/840\/revisions"}],"predecessor-version":[{"id":877,"href":"https:\/\/bloompilates.hu\/en\/wp-json\/wp\/v2\/pages\/840\/revisions\/877"}],"wp:attachment":[{"href":"https:\/\/bloompilates.hu\/en\/wp-json\/wp\/v2\/media?parent=840"}],"curies":[{"name":"wp","href":"https:\/\/api.w.org\/{rel}","templated":true}]}}