{"id":1126,"date":"2025-03-09T14:34:30","date_gmt":"2025-03-09T14:34:30","guid":{"rendered":"https:\/\/bloompilates.hu\/?page_id=1126"},"modified":"2026-02-16T15:12:20","modified_gmt":"2026-02-16T15:12:20","slug":"ajandekutalvany","status":"publish","type":"page","link":"https:\/\/bloompilates.hu\/en\/ajandekutalvany\/","title":{"rendered":"Gift certificate"},"content":{"rendered":"<div data-elementor-type=\"wp-post\" data-elementor-id=\"1126\" class=\"elementor elementor-1126\" data-elementor-post-type=\"page\">\n\t\t\t\t\t\t<section class=\"elementor-section elementor-top-section elementor-element elementor-element-3c6baa2 elementor-reverse-mobile elementor-section-boxed elementor-section-height-default elementor-section-height-default\" data-id=\"3c6baa2\" data-element_type=\"section\" data-settings=\"{&quot;background_background&quot;:&quot;classic&quot;}\">\n\t\t\t\t\t\t<div class=\"elementor-container elementor-column-gap-default\">\n\t\t\t\t\t<div class=\"elementor-column elementor-col-50 elementor-top-column elementor-element elementor-element-206cce0\" data-id=\"206cce0\" data-element_type=\"column\">\n\t\t\t<div class=\"elementor-widget-wrap elementor-element-populated\">\n\t\t\t\t\t\t<div class=\"elementor-element elementor-element-910214d elementor-widget elementor-widget-heading\" data-id=\"910214d\" data-element_type=\"widget\" data-widget_type=\"heading.default\">\n\t\t\t\t<div class=\"elementor-widget-container\">\n\t\t\t<div class=\"elementor-heading-title elementor-size-default\">Reformer Pilates Gift Certificate<\/div>\t\t<\/div>\n\t\t\t\t<\/div>\n\t\t\t\t<div class=\"elementor-element elementor-element-67f6c9b elementor-widget elementor-widget-heading\" data-id=\"67f6c9b\" data-element_type=\"widget\" data-widget_type=\"heading.default\">\n\t\t\t\t<div class=\"elementor-widget-container\">\n\t\t\t<h1 class=\"elementor-heading-title elementor-size-default\">Give the gift of exercise!<\/h1>\t\t<\/div>\n\t\t\t\t<\/div>\n\t\t\t\t<div class=\"elementor-element elementor-element-e71b15a elementor-widget elementor-widget-text-editor\" data-id=\"e71b15a\" data-element_type=\"widget\" data-widget_type=\"text-editor.default\">\n\t\t\t\t<div class=\"elementor-widget-container\">\n\t\t\t\t\t\t\t<p>Surprise your loved ones with exercise! If there is someone who is a fan of Reformer Pilates or has been wanting to try it for a long time, now is a great opportunity to give them a special opportunity! A special occasion \u2013 be it a birthday, name day, anniversary or any other holiday \u2013 is the perfect occasion to gift them with an experience.<\/p><p>The gift certificate is valid for 6 months from the date of purchase. It cannot be exchanged for cash or transferred.<\/p>\t\t\t\t\t\t<\/div>\n\t\t\t\t<\/div>\n\t\t\t\t<div class=\"elementor-element elementor-element-b2499a9 elementor-widget elementor-widget-html\" data-id=\"b2499a9\" data-element_type=\"widget\" data-widget_type=\"html.default\">\n\t\t\t\t<div class=\"elementor-widget-container\">\n\t\t\t<script>\ndocument.addEventListener('DOMContentLoaded', function () {\n    \/\/ Find all forms with class name \"dd-ele-form\"\n    var forms = document.querySelectorAll('.dd-ele-form');\n\n    \/\/ Iterate through each form\n    forms.forEach(function (form) {\n        \/\/ Find all select fields with the required attribute within the form\n        var selects = form.querySelectorAll('select[required]');\n\n        \/\/ Iterate through each select field\n        selects.forEach(function (select) {\n            \/\/ Check if the first option has a blank value before disabling and hiding it\n            if (select.options.length > 0 && select.options[0].value.trim() === '') {\n                select.options[0].disabled = true;\n                select.options[0].hidden = true;\n            }\n        });\n    });\n});\n<\/script>\t\t<\/div>\n\t\t\t\t<\/div>\n\t\t\t\t\t<\/div>\n\t\t<\/div>\n\t\t\t\t<div class=\"elementor-column elementor-col-50 elementor-top-column elementor-element elementor-element-b7398e8\" data-id=\"b7398e8\" data-element_type=\"column\">\n\t\t\t<div class=\"elementor-widget-wrap elementor-element-populated\">\n\t\t\t\t\t\t<div class=\"elementor-element elementor-element-4920508 elementor-align-right elementor-tablet-align-center elementor-mobile-align-right elementor-invisible elementor-widget elementor-widget-lottie\" data-id=\"4920508\" data-element_type=\"widget\" data-settings=\"{&quot;source_json&quot;:{&quot;url&quot;:&quot;https:\\\/\\\/bloompilates.hu\\\/wp-content\\\/uploads\\\/2025\\\/02\\\/Animation-1739716562374.json&quot;,&quot;id&quot;:197,&quot;size&quot;:&quot;&quot;,&quot;alt&quot;:&quot;&quot;,&quot;source&quot;:&quot;library&quot;},&quot;loop&quot;:&quot;yes&quot;,&quot;play_speed&quot;:{&quot;unit&quot;:&quot;px&quot;,&quot;size&quot;:&quot;0.4&quot;,&quot;sizes&quot;:[]},&quot;lazyload&quot;:&quot;yes&quot;,&quot;_animation&quot;:&quot;zoomIn&quot;,&quot;_animation_delay&quot;:&quot;300&quot;,&quot;source&quot;:&quot;media_file&quot;,&quot;caption_source&quot;:&quot;none&quot;,&quot;link_to&quot;:&quot;none&quot;,&quot;trigger&quot;:&quot;arriving_to_viewport&quot;,&quot;viewport&quot;:{&quot;unit&quot;:&quot;%&quot;,&quot;size&quot;:&quot;&quot;,&quot;sizes&quot;:{&quot;start&quot;:0,&quot;end&quot;:100}},&quot;start_point&quot;:{&quot;unit&quot;:&quot;%&quot;,&quot;size&quot;:0,&quot;sizes&quot;:[]},&quot;end_point&quot;:{&quot;unit&quot;:&quot;%&quot;,&quot;size&quot;:100,&quot;sizes&quot;:[]},&quot;renderer&quot;:&quot;svg&quot;}\" data-widget_type=\"lottie.default\">\n\t\t\t\t<div class=\"elementor-widget-container\">\n\t\t\t<div class=\"e-lottie__container\"><div class=\"e-lottie__animation\"><\/div><\/div>\t\t<\/div>\n\t\t\t\t<\/div>\n\t\t\t\t<div class=\"elementor-element elementor-element-fd8c470 elementor-invisible elementor-widget elementor-widget-image\" data-id=\"fd8c470\" data-element_type=\"widget\" data-settings=\"{&quot;_animation&quot;:&quot;zoomIn&quot;,&quot;_animation_delay&quot;:&quot;100&quot;}\" data-widget_type=\"image.default\">\n\t\t\t\t<div class=\"elementor-widget-container\">\n\t\t\t\t\t\t\t\t\t\t\t\t\t<img fetchpriority=\"high\" decoding=\"async\" width=\"1440\" height=\"1154\" src=\"https:\/\/bloompilates.hu\/wp-content\/uploads\/2025\/03\/Bloom-Pilates-Szeged-ajandekutalvany.jpg\" class=\"attachment-full size-full wp-image-1128\" alt=\"Bloom Pilates Szeged aj\u00e1nd\u00e9kutalv\u00e1ny\" srcset=\"https:\/\/bloompilates.hu\/wp-content\/uploads\/2025\/03\/Bloom-Pilates-Szeged-ajandekutalvany.jpg 1440w, https:\/\/bloompilates.hu\/wp-content\/uploads\/2025\/03\/Bloom-Pilates-Szeged-ajandekutalvany-300x240.jpg 300w, https:\/\/bloompilates.hu\/wp-content\/uploads\/2025\/03\/Bloom-Pilates-Szeged-ajandekutalvany-1024x821.jpg 1024w, https:\/\/bloompilates.hu\/wp-content\/uploads\/2025\/03\/Bloom-Pilates-Szeged-ajandekutalvany-768x615.jpg 768w\" sizes=\"(max-width: 1440px) 100vw, 1440px\" \/>\t\t\t\t\t\t\t\t\t\t\t\t\t<\/div>\n\t\t\t\t<\/div>\n\t\t\t\t\t<\/div>\n\t\t<\/div>\n\t\t\t\t\t<\/div>\n\t\t<\/section>\n\t\t\t\t<section class=\"elementor-section elementor-top-section elementor-element elementor-element-1cc77e77 elementor-section-boxed elementor-section-height-default elementor-section-height-default\" data-id=\"1cc77e77\" data-element_type=\"section\" data-settings=\"{&quot;shape_divider_bottom&quot;:&quot;waves&quot;}\">\n\t\t\t\t\t<div class=\"elementor-shape elementor-shape-bottom\" data-negative=\"false\">\n\t\t\t<svg xmlns=\"http:\/\/www.w3.org\/2000\/svg\" viewbox=\"0 0 1000 100\" preserveaspectratio=\"none\">\n\t<path class=\"elementor-shape-fill\" d=\"M421.9,6.5c22.6-2.5,51.5,0.4,75.5,5.3c23.6,4.9,70.9,23.5,100.5,35.7c75.8,32.2,133.7,44.5,192.6,49.7\tc23.6,2.1,48.7,3.5,103.4-2.5c54.7-6,106.2-25.6,106.2-25.6V0H0v30.3c0,0,72,32.6,158.4,30.5c39.2-0.7,92.8-6.7,134-22.4\tc21.2-8.1,52.2-18.2,79.7-24.2C399.3,7.9,411.6,7.5,421.9,6.5z\"\/>\n<\/svg>\t\t<\/div>\n\t\t\t\t\t<div class=\"elementor-container elementor-column-gap-default\">\n\t\t\t\t\t<div class=\"elementor-column elementor-col-100 elementor-top-column elementor-element elementor-element-70f371f7\" data-id=\"70f371f7\" data-element_type=\"column\" data-settings=\"{&quot;background_background&quot;:&quot;classic&quot;}\">\n\t\t\t<div class=\"elementor-widget-wrap elementor-element-populated\">\n\t\t\t\t\t\t<section class=\"elementor-section elementor-inner-section elementor-element elementor-element-4c4b8d39 elementor-section-content-middle elementor-section-boxed elementor-section-height-default elementor-section-height-default\" data-id=\"4c4b8d39\" data-element_type=\"section\">\n\t\t\t\t\t\t<div class=\"elementor-container elementor-column-gap-no\">\n\t\t\t\t\t<div class=\"elementor-column elementor-col-100 elementor-inner-column elementor-element elementor-element-335c152d elementor-invisible\" data-id=\"335c152d\" data-element_type=\"column\" data-settings=\"{&quot;animation&quot;:&quot;fadeIn&quot;}\">\n\t\t\t<div class=\"elementor-widget-wrap elementor-element-populated\">\n\t\t\t\t\t\t<div class=\"elementor-element elementor-element-9272dbc elementor-widget elementor-widget-heading\" data-id=\"9272dbc\" data-element_type=\"widget\" data-widget_type=\"heading.default\">\n\t\t\t\t<div class=\"elementor-widget-container\">\n\t\t\t<h2 class=\"elementor-heading-title elementor-size-default\">Order form<\/h2>\t\t<\/div>\n\t\t\t\t<\/div>\n\t\t\t\t<div class=\"elementor-element elementor-element-20fbed11 elementor-mobile-button-align-stretch dd-ele-form elementor-button-align-stretch elementor-widget elementor-widget-form\" data-id=\"20fbed11\" data-element_type=\"widget\" data-settings=\"{&quot;step_next_label&quot;:&quot;K\\u00f6vetkez\\u0151&quot;,&quot;step_previous_label&quot;:&quot;El\\u0151z\\u0151&quot;,&quot;button_width&quot;:&quot;100&quot;,&quot;step_type&quot;:&quot;number_text&quot;,&quot;step_icon_shape&quot;:&quot;circle&quot;}\" data-widget_type=\"form.default\">\n\t\t\t\t<div class=\"elementor-widget-container\">\n\t\t\t\t\t<form class=\"elementor-form\" method=\"post\" name=\"Aj\u00e1nd\u00e9kutalv\u00e1ny megrendel\u0151\" action=\"\">\n\t\t\t<input type=\"hidden\" name=\"post_id\" value=\"1126\"\/>\n\t\t\t<input type=\"hidden\" name=\"form_id\" value=\"20fbed11\"\/>\n\t\t\t<input type=\"hidden\" name=\"referer_title\" value=\"Aj\u00e1nd\u00e9kutalv\u00e1ny\" \/>\n\n\t\t\t\t\t\t\t<input type=\"hidden\" name=\"queried_id\" value=\"1126\"\/>\n\t\t\t\n\t\t\t<div class=\"elementor-form-fields-wrapper elementor-labels-\">\n\t\t\t\t\t\t\t\t<div class=\"elementor-field-type-text elementor-field-group elementor-column elementor-field-group-name elementor-col-100 elementor-field-required\">\n\t\t\t\t\t\t\t\t\t\t\t\t<label for=\"form-field-name\" class=\"elementor-field-label elementor-screen-only\">\n\t\t\t\t\t\t\t\tYour name\t\t\t\t\t\t\t<\/label>\n\t\t\t\t\t\t\t\t\t\t\t\t\t\t<input size=\"1\" type=\"text\" name=\"form_fields[name]\" id=\"form-field-name\" class=\"elementor-field elementor-size-lg  elementor-field-textual\" placeholder=\"Your name\" required=\"required\" aria-required=\"true\">\n\t\t\t\t\t\t\t\t\t\t\t<\/div>\n\t\t\t\t\t\t\t\t<div class=\"elementor-field-type-email elementor-field-group elementor-column elementor-field-group-email elementor-col-100 elementor-field-required\">\n\t\t\t\t\t\t\t\t\t\t\t\t<label for=\"form-field-email\" class=\"elementor-field-label elementor-screen-only\">\n\t\t\t\t\t\t\t\tYour email address\t\t\t\t\t\t\t<\/label>\n\t\t\t\t\t\t\t\t\t\t\t\t\t\t<input size=\"1\" type=\"email\" name=\"form_fields[email]\" id=\"form-field-email\" class=\"elementor-field elementor-size-lg  elementor-field-textual\" placeholder=\"Your email address\" required=\"required\" aria-required=\"true\">\n\t\t\t\t\t\t\t\t\t\t\t<\/div>\n\t\t\t\t\t\t\t\t<div class=\"elementor-field-type-text elementor-field-group elementor-column elementor-field-group-field_e647816 elementor-col-100 elementor-field-required\">\n\t\t\t\t\t\t\t\t\t\t\t\t<label for=\"form-field-field_e647816\" class=\"elementor-field-label elementor-screen-only\">\n\t\t\t\t\t\t\t\tYour address\t\t\t\t\t\t\t<\/label>\n\t\t\t\t\t\t\t\t\t\t\t\t\t\t<input size=\"1\" type=\"text\" name=\"form_fields[field_e647816]\" id=\"form-field-field_e647816\" class=\"elementor-field elementor-size-lg  elementor-field-textual\" placeholder=\"Your address\" required=\"required\" aria-required=\"true\">\n\t\t\t\t\t\t\t\t\t\t\t<\/div>\n\t\t\t\t\t\t\t\t<div class=\"elementor-field-type-tel elementor-field-group elementor-column elementor-field-group-field_f283c7b elementor-col-100 elementor-field-required\">\n\t\t\t\t\t\t\t\t\t\t\t\t<label for=\"form-field-field_f283c7b\" class=\"elementor-field-label elementor-screen-only\">\n\t\t\t\t\t\t\t\tYour phone number\t\t\t\t\t\t\t<\/label>\n\t\t\t\t\t\t\t\t<input size=\"1\" type=\"tel\" name=\"form_fields[field_f283c7b]\" id=\"form-field-field_f283c7b\" class=\"elementor-field elementor-size-lg  elementor-field-textual\" placeholder=\"Your phone number\" required=\"required\" aria-required=\"true\" pattern=\"[0-9()#&amp;+*-=.]+\" title=\"Only numbers and phone characters (#, -, *, etc) are accepted.\">\n\n\t\t\t\t\t\t<\/div>\n\t\t\t\t\t\t\t\t<div class=\"elementor-field-type-text elementor-field-group elementor-column elementor-field-group-field_97462d0 elementor-col-100 elementor-field-required\">\n\t\t\t\t\t\t\t\t\t\t\t\t<label for=\"form-field-field_97462d0\" class=\"elementor-field-label elementor-screen-only\">\n\t\t\t\t\t\t\t\tName of the recipient\t\t\t\t\t\t\t<\/label>\n\t\t\t\t\t\t\t\t\t\t\t\t\t\t<input size=\"1\" type=\"text\" name=\"form_fields[field_97462d0]\" id=\"form-field-field_97462d0\" class=\"elementor-field elementor-size-lg  elementor-field-textual\" placeholder=\"Name of the recipient\" required=\"required\" aria-required=\"true\">\n\t\t\t\t\t\t\t\t\t\t\t<\/div>\n\t\t\t\t\t\t\t\t<div class=\"elementor-field-type-select elementor-field-group elementor-column elementor-field-group-field_77649e4 elementor-col-100 elementor-field-required\">\n\t\t\t\t\t\t\t\t\t\t\t\t<label for=\"form-field-field_77649e4\" class=\"elementor-field-label elementor-screen-only\">\n\t\t\t\t\t\t\t\tGift certificate type\t\t\t\t\t\t\t<\/label>\n\t\t\t\t\t\t\t\t<div class=\"elementor-field elementor-select-wrapper remove-before\">\n\t\t\t<div class=\"select-caret-down-wrapper\">\n\t\t\t\t<svg aria-hidden=\"true\" class=\"e-font-icon-svg e-eicon-caret-down\" viewbox=\"0 0 571.4 571.4\" xmlns=\"http:\/\/www.w3.org\/2000\/svg\"><path d=\"M571 393Q571 407 561 418L311 668Q300 679 286 679T261 668L11 418Q0 407 0 393T11 368 36 357H536Q550 357 561 368T571 393Z\"><\/path><\/svg>\t\t\t<\/div>\n\t\t\t<select name=\"form_fields[field_77649e4]\" id=\"form-field-field_77649e4\" class=\"elementor-field-textual elementor-size-lg\" required=\"required\" aria-required=\"true\">\n\t\t\t\t\t\t\t\t\t<option value=\"\">Gift certificate type <\/option>\n\t\t\t\t\t\t\t\t\t<option value=\"1 alkalmas jegy (Reformer Pilates) - 6.400 Ft\">1-time pass (Reformer Pilates) - 6.400 HUF<\/option>\n\t\t\t\t\t\t\t\t\t<option value=\"4 alkalmas b\u00e9rlet (Reformer Pilates) - 24.800 Ft\">4-time pass (Reformer Pilates) - 24.800 HUF<\/option>\n\t\t\t\t\t\t\t\t\t<option value=\"8 alkalmas b\u00e9rlet (Reformer Pilates) - 46.400 Ft\">8-time pass (Reformer Pilates) - 46.400 HUF<\/option>\n\t\t\t\t\t\t\t\t\t<option value=\"12 alkalmas b\u00e9rlet (Reformer Pilates) - 66.000 Ft\">12-time pass (Reformer Pilates) - 66.000 HUF<\/option>\n\t\t\t\t\t\t\t\t\t<option value=\"Egy\u00e9ni \u00f3ra (Reformer Pilates) - 12.000 Ft\">Private class (Reformer Pilates) - 12.000 HUF<\/option>\n\t\t\t\t\t\t\t\t\t<option value=\"P\u00e1ros \u00f3ra (Reformer Pilates) - 20.000 Ft\">Couples class (Reformer Pilates) - 20.000 HUF<\/option>\n\t\t\t\t\t\t\t<\/select>\n\t\t<\/div>\n\t\t\t\t\t\t<\/div>\n\t\t\t\t\t\t\t\t<div class=\"elementor-field-type-select elementor-field-group elementor-column elementor-field-group-field_86e6f68 elementor-col-50 elementor-field-required\">\n\t\t\t\t\t\t\t\t\t\t\t\t<label for=\"form-field-field_86e6f68\" class=\"elementor-field-label elementor-screen-only\">\n\t\t\t\t\t\t\t\tGift certificate format\t\t\t\t\t\t\t<\/label>\n\t\t\t\t\t\t\t\t<div class=\"elementor-field elementor-select-wrapper remove-before\">\n\t\t\t<div class=\"select-caret-down-wrapper\">\n\t\t\t\t<svg aria-hidden=\"true\" class=\"e-font-icon-svg e-eicon-caret-down\" viewbox=\"0 0 571.4 571.4\" xmlns=\"http:\/\/www.w3.org\/2000\/svg\"><path d=\"M571 393Q571 407 561 418L311 668Q300 679 286 679T261 668L11 418Q0 407 0 393T11 368 36 357H536Q550 357 561 368T571 393Z\"><\/path><\/svg>\t\t\t<\/div>\n\t\t\t<select name=\"form_fields[field_86e6f68]\" id=\"form-field-field_86e6f68\" class=\"elementor-field-textual elementor-size-lg\" required=\"required\" aria-required=\"true\">\n\t\t\t\t\t\t\t\t\t<option value=\"\">Gift certificate format <\/option>\n\t\t\t\t\t\t\t\t\t<option value=\"Pap\u00edralap\u00fa aj\u00e1nd\u00e9kutalv\u00e1ny d\u00edszcsomagol\u00e1sban\">Paper-based gift certificate in decorative packaging<\/option>\n\t\t\t\t\t\t\t\t\t<option value=\"Digit\u00e1lis aj\u00e1nd\u00e9kutalv\u00e1ny PDF form\u00e1tumban\">Digital gift certificate in PDF format<\/option>\n\t\t\t\t\t\t\t<\/select>\n\t\t<\/div>\n\t\t\t\t\t\t<\/div>\n\t\t\t\t\t\t\t\t<div class=\"elementor-field-type-select elementor-field-group elementor-column elementor-field-group-field_78adc25 elementor-col-50 elementor-field-required\">\n\t\t\t\t\t\t\t\t\t\t\t\t<label for=\"form-field-field_78adc25\" class=\"elementor-field-label elementor-screen-only\">\n\t\t\t\t\t\t\t\tGift certificate format\t\t\t\t\t\t\t<\/label>\n\t\t\t\t\t\t\t\t<div class=\"elementor-field elementor-select-wrapper remove-before\">\n\t\t\t<div class=\"select-caret-down-wrapper\">\n\t\t\t\t<svg aria-hidden=\"true\" class=\"e-font-icon-svg e-eicon-caret-down\" viewbox=\"0 0 571.4 571.4\" xmlns=\"http:\/\/www.w3.org\/2000\/svg\"><path d=\"M571 393Q571 407 561 418L311 668Q300 679 286 679T261 668L11 418Q0 407 0 393T11 368 36 357H536Q550 357 561 368T571 393Z\"><\/path><\/svg>\t\t\t<\/div>\n\t\t\t<select name=\"form_fields[field_78adc25]\" id=\"form-field-field_78adc25\" class=\"elementor-field-textual elementor-size-lg\" required=\"required\" aria-required=\"true\">\n\t\t\t\t\t\t\t\t\t<option value=\"\">Payment method <\/option>\n\t\t\t\t\t\t\t\t\t<option value=\"\u00c1tutal\u00e1ssal banksz\u00e1ml\u00e1nkra\">By bank transfer to our bank account<\/option>\n\t\t\t\t\t\t\t\t\t<option value=\"Szem\u00e9lyesen a st\u00fadi\u00f3ban k\u00e9szp\u00e9nzzel \/ bankk\u00e1rty\u00e1val\">In person at the studio with cash \/ credit card<\/option>\n\t\t\t\t\t\t\t<\/select>\n\t\t<\/div>\n\t\t\t\t\t\t<\/div>\n\t\t\t\t\t\t\t\t<div class=\"elementor-field-type-acceptance elementor-field-group elementor-column elementor-field-group-field_a31d876 elementor-col-100 elementor-field-required\">\n\t\t\t\t\t\t\t\t\t\t\t\t<label for=\"form-field-field_a31d876\" class=\"elementor-field-label elementor-screen-only\">\n\t\t\t\t\t\t\t\tGDPR\t\t\t\t\t\t\t<\/label>\n\t\t\t\t\t\t\t\t<div class=\"elementor-field-subgroup\">\n\t\t\t<span class=\"elementor-field-option\">\n\t\t\t\t<input type=\"checkbox\" name=\"form_fields[field_a31d876]\" id=\"form-field-field_a31d876\" class=\"elementor-field elementor-size-lg  elementor-acceptance-field\" required=\"required\" aria-required=\"true\">\n\t\t\t\t<label for=\"form-field-field_a31d876\">By clicking the button above, I give my express consent for my voluntarily provided personal data to be processed by AlignMed Kft. as data controller until my consent is withdrawn for the purpose of contacting me by email\/phone. This website is protected by reCAPTCHA and Google.\n <a href=\"https:\/\/policies.google.com\/privacy\">Privacy Policy<\/a> and <a href=\"https:\/\/policies.google.com\/terms\">Terms and Conditions<\/a> apply.<\/label>\t\t\t<\/span>\n\t\t<\/div>\n\t\t\t\t\t\t<\/div>\n\t\t\t\t\t\t\t\t<div class=\"elementor-field-type-recaptcha_v3 elementor-field-group elementor-column elementor-field-group-field_fcaef84 elementor-col-100 recaptcha_v3-bottomleft\">\n\t\t\t\t\t<div class=\"elementor-field\" id=\"form-field-field_fcaef84\"><div class=\"elementor-g-recaptcha\" data-sitekey=\"6LePM9wqAAAAAB6QhFSXMuKFr25ZyAyMaqeqOqXo\" data-type=\"v3\" data-action=\"Form\" data-badge=\"bottomleft\" data-size=\"invisible\"><\/div><\/div>\t\t\t\t<\/div>\n\t\t\t\t\t\t\t\t<div class=\"elementor-field-group elementor-column elementor-field-type-submit elementor-col-100 e-form__buttons\">\n\t\t\t\t\t<button class=\"elementor-button elementor-size-md\" type=\"submit\">\n\t\t\t\t\t\t<span class=\"elementor-button-content-wrapper\">\n\t\t\t\t\t\t\t\t\t\t\t\t\t\t\t\t\t\t\t\t\t\t<span class=\"elementor-button-text\">Send order<\/span>\n\t\t\t\t\t\t\t\t\t\t\t\t\t<\/span>\n\t\t\t\t\t<\/button>\n\t\t\t\t<\/div>\n\t\t\t<\/div>\n\t\t<input type=\"hidden\" name=\"trp-form-language\" value=\"en\"\/><\/form>\n\t\t\t\t<\/div>\n\t\t\t\t<\/div>\n\t\t\t\t<div class=\"elementor-element elementor-element-9f937f3 elementor-widget elementor-widget-text-editor\" data-id=\"9f937f3\" data-element_type=\"widget\" data-widget_type=\"text-editor.default\">\n\t\t\t\t<div class=\"elementor-widget-container\">\n\t\t\t\t\t\t\t<p>If you would like to pay by bank transfer, please transfer the amount of your chosen voucher to the following bank account number after sending your order: <br \/>AlignMed Kft. <br \/>12600016-19919220-07921758<\/p>\t\t\t\t\t\t<\/div>\n\t\t\t\t<\/div>\n\t\t\t\t\t<\/div>\n\t\t<\/div>\n\t\t\t\t\t<\/div>\n\t\t<\/section>\n\t\t\t\t\t<\/div>\n\t\t<\/div>\n\t\t\t\t\t<\/div>\n\t\t<\/section>\n\t\t\t\t<\/div>","protected":false},"excerpt":{"rendered":"<p>Egyens\u00faly, harm\u00f3nia \u00e9s tudatos mozg\u00e1s. Bloom Pilates &#8211; Szeged leg\u00fajabb Reformer Pilates st\u00fadi\u00f3ja<\/p>","protected":false},"author":1,"featured_media":1128,"parent":0,"menu_order":0,"comment_status":"closed","ping_status":"closed","template":"elementor_header_footer","meta":{"footnotes":""},"class_list":["post-1126","page","type-page","status-publish","has-post-thumbnail","hentry"],"_links":{"self":[{"href":"https:\/\/bloompilates.hu\/en\/wp-json\/wp\/v2\/pages\/1126","targetHints":{"allow":["GET"]}}],"collection":[{"href":"https:\/\/bloompilates.hu\/en\/wp-json\/wp\/v2\/pages"}],"about":[{"href":"https:\/\/bloompilates.hu\/en\/wp-json\/wp\/v2\/types\/page"}],"author":[{"embeddable":true,"href":"https:\/\/bloompilates.hu\/en\/wp-json\/wp\/v2\/users\/1"}],"replies":[{"embeddable":true,"href":"https:\/\/bloompilates.hu\/en\/wp-json\/wp\/v2\/comments?post=1126"}],"version-history":[{"count":140,"href":"https:\/\/bloompilates.hu\/en\/wp-json\/wp\/v2\/pages\/1126\/revisions"}],"predecessor-version":[{"id":1722,"href":"https:\/\/bloompilates.hu\/en\/wp-json\/wp\/v2\/pages\/1126\/revisions\/1722"}],"wp:featuredmedia":[{"embeddable":true,"href":"https:\/\/bloompilates.hu\/en\/wp-json\/wp\/v2\/media\/1128"}],"wp:attachment":[{"href":"https:\/\/bloompilates.hu\/en\/wp-json\/wp\/v2\/media?parent=1126"}],"curies":[{"name":"wp","href":"https:\/\/api.w.org\/{rel}","templated":true}]}}